{"id":525,"date":"2023-11-22T06:28:12","date_gmt":"2023-11-22T06:28:12","guid":{"rendered":"https:\/\/cherub-systems.de\/?page_id=525"},"modified":"2026-02-10T17:31:10","modified_gmt":"2026-02-10T15:31:10","slug":"praxen","status":"publish","type":"page","link":"https:\/\/cherub-systems.de\/en\/praxen\/","title":{"rendered":"Medical facilities"},"content":{"rendered":"<style>.elementor-525 .elementor-element.elementor-element-2211974 > .elementor-container{min-height:400px;}.elementor-525 .elementor-element.elementor-element-2211974 > .elementor-container > .elementor-column > .elementor-widget-wrap{align-content:center;align-items:center;}.elementor-525 .elementor-element.elementor-element-2211974:not(.elementor-motion-effects-element-type-background), .elementor-525 .elementor-element.elementor-element-2211974 > .elementor-motion-effects-container > .elementor-motion-effects-layer{background-image:url(\"https:\/\/cherub-systems.de\/wp-content\/uploads\/2023\/11\/Bild-20-scaled.jpg\");background-position:99px -170px;background-repeat:no-repeat;background-size:cover;}.elementor-525 .elementor-element.elementor-element-2211974 > .elementor-background-overlay{background-color:var( --e-global-color-3b1f5ab );opacity:0.3;transition:background 0.3s, border-radius 0.3s, opacity 0.3s;}.elementor-525 .elementor-element.elementor-element-2211974{transition:all 400ms;}.elementor-525 .elementor-element.elementor-element-3b304f3{transition:all 400ms;}.elementor-525 .elementor-element.elementor-element-2427287{text-align:center;transition:all 400ms;}.elementor-525 .elementor-element.elementor-element-2427287 .elementor-heading-title{text-transform:capitalize;color:var( --e-global-color-85d770d );}.elementor-525 .elementor-element.elementor-element-01b64e5 > .elementor-container{max-width:1250px;}.elementor-525 .elementor-element.elementor-element-01b64e5{margin-top:80px;margin-bottom:80px;transition:all 400ms;}.elementor-bc-flex-widget .elementor-525 .elementor-element.elementor-element-fd21868.elementor-column .elementor-widget-wrap{align-items:center;}.elementor-525 .elementor-element.elementor-element-fd21868.elementor-column.elementor-element[data-element_type=\"column\"] > .elementor-widget-wrap.elementor-element-populated{align-content:center;align-items:center;}.elementor-525 .elementor-element.elementor-element-fd21868 > .elementor-element-populated{margin:0px 30px 0px 0px;--e-column-margin-right:30px;--e-column-margin-left:0px;}.elementor-525 .elementor-element.elementor-element-fd21868{transition:all 400ms;}.elementor-525 .elementor-element.elementor-element-785a705 .elementor-heading-title{font-family:\"Rubik\", Sans-serif;font-size:30px;font-weight:500;text-transform:none;color:#4BA690;}.elementor-525 .elementor-element.elementor-element-785a705{transition:all 400ms;}.elementor-525 .elementor-element.elementor-element-cef9f03{color:var( --e-global-color-3b1f5ab );transition:all 400ms;}.elementor-525 .elementor-element.elementor-element-4940ccd .elementor-button{font-family:var( --e-global-typography-accent-font-family ), Sans-serif;font-size:var( --e-global-typography-accent-font-size );font-weight:var( --e-global-typography-accent-font-weight );fill:var( --e-global-color-22f0f96 );color:var( --e-global-color-22f0f96 );background-color:var( --e-global-color-6d09685 );}.elementor-525 .elementor-element.elementor-element-4940ccd .elementor-button:hover, .elementor-525 .elementor-element.elementor-element-4940ccd .elementor-button:focus{color:var( --e-global-color-22f0f96 );background-color:var( --e-global-color-c35d8ea );}.elementor-525 .elementor-element.elementor-element-4940ccd .elementor-button:hover svg, .elementor-525 .elementor-element.elementor-element-4940ccd .elementor-button:focus svg{fill:var( --e-global-color-22f0f96 );}.elementor-525 .elementor-element.elementor-element-4940ccd > .elementor-widget-container{margin:0px 0px 0px 0px;}.elementor-525 .elementor-element.elementor-element-4940ccd{transition:all 400ms;}.elementor-bc-flex-widget .elementor-525 .elementor-element.elementor-element-9569104.elementor-column .elementor-widget-wrap{align-items:center;}.elementor-525 .elementor-element.elementor-element-9569104.elementor-column.elementor-element[data-element_type=\"column\"] > .elementor-widget-wrap.elementor-element-populated{align-content:center;align-items:center;}.elementor-525 .elementor-element.elementor-element-9569104{transition:all 400ms;}.elementor-525 .elementor-element.elementor-element-b63e6bd img{width:80%;max-width:80%;}.elementor-525 .elementor-element.elementor-element-b63e6bd{transition:all 400ms;}.elementor-525 .elementor-element.elementor-element-9a4c416{transition:all 400ms;}.elementor-525 .elementor-element.elementor-element-5ed3943{transition:all 400ms;}.elementor-525 .elementor-element.elementor-element-9a305c4{text-align:center;transition:all 400ms;}.elementor-525 .elementor-element.elementor-element-20da25a{transition:all 400ms;}.elementor-525 .elementor-element.elementor-element-8261062{transition:all 400ms;}.elementor-525 .elementor-element.elementor-element-5cfd205{text-align:center;transition:all 400ms;}@media(min-width:768px){.elementor-525 .elementor-element.elementor-element-fd21868{width:58.037%;}.elementor-525 .elementor-element.elementor-element-9569104{width:41.963%;}}@media(max-width:1024px){.elementor-525 .elementor-element.elementor-element-2211974 > .elementor-container{min-height:350px;}.elementor-525 .elementor-element.elementor-element-2211974:not(.elementor-motion-effects-element-type-background), .elementor-525 .elementor-element.elementor-element-2211974 > .elementor-motion-effects-container > .elementor-motion-effects-layer{background-position:0px 0px;}.elementor-525 .elementor-element.elementor-element-785a705 .elementor-heading-title{font-size:38px;}.elementor-525 .elementor-element.elementor-element-4940ccd .elementor-button{font-size:var( --e-global-typography-accent-font-size );}}@media(max-width:767px){.elementor-525 .elementor-element.elementor-element-2211974 > .elementor-container{min-height:180px;}.elementor-525 .elementor-element.elementor-element-2211974:not(.elementor-motion-effects-element-type-background), .elementor-525 .elementor-element.elementor-element-2211974 > .elementor-motion-effects-container > .elementor-motion-effects-layer{background-position:80% 0px;}.elementor-525 .elementor-element.elementor-element-fd21868 > .elementor-element-populated{margin:0px 0px 0px 0px;--e-column-margin-right:0px;--e-column-margin-left:0px;}.elementor-525 .elementor-element.elementor-element-785a705 .elementor-heading-title{font-size:25px;}.elementor-525 .elementor-element.elementor-element-4940ccd .elementor-button{font-size:var( --e-global-typography-accent-font-size );}.elementor-525 .elementor-element.elementor-element-4940ccd > .elementor-widget-container{margin:0px 0px 0px 0px;}}<\/style>\t\t<div data-elementor-type=\"wp-page\" data-elementor-id=\"525\" class=\"elementor elementor-525\" data-elementor-post-type=\"page\">\n\t\t\t\t\t\t<section class=\"elementor-section elementor-top-section elementor-element elementor-element-2211974 elementor-section-height-min-height elementor-section-content-middle elementor-section-boxed elementor-section-height-default elementor-section-items-middle\" data-id=\"2211974\" data-element_type=\"section\" data-e-type=\"section\" data-settings=\"{&quot;background_background&quot;:&quot;classic&quot;}\">\n\t\t\t\t\t\t\t<div class=\"elementor-background-overlay\"><\/div>\n\t\t\t\t\t\t\t<div class=\"elementor-container elementor-column-gap-default\">\n\t\t\t\t\t<div class=\"elementor-column elementor-col-100 elementor-top-column elementor-element elementor-element-3b304f3\" data-id=\"3b304f3\" data-element_type=\"column\" data-e-type=\"column\">\n\t\t\t<div class=\"elementor-widget-wrap elementor-element-populated\">\n\t\t\t\t\t\t<div class=\"elementor-element elementor-element-2427287 de_scroll_animation_no elementor-widget elementor-widget-heading\" data-id=\"2427287\" data-element_type=\"widget\" data-e-type=\"widget\" data-widget_type=\"heading.default\">\n\t\t\t\t<div class=\"elementor-widget-container\">\n\t\t\t\t\t<h2 class=\"elementor-heading-title elementor-size-default\">Medizinische Einrichtungen<\/h2>\t\t\t\t<\/div>\n\t\t\t\t<\/div>\n\t\t\t\t\t<\/div>\n\t\t<\/div>\n\t\t\t\t\t<\/div>\n\t\t<\/section>\n\t\t\t\t<section class=\"elementor-section elementor-top-section elementor-element elementor-element-01b64e5 elementor-reverse-mobile elementor-section-boxed elementor-section-height-default elementor-section-height-default\" data-id=\"01b64e5\" data-element_type=\"section\" data-e-type=\"section\">\n\t\t\t\t\t\t<div class=\"elementor-container elementor-column-gap-default\">\n\t\t\t\t\t<div class=\"elementor-column elementor-col-50 elementor-top-column elementor-element elementor-element-fd21868\" data-id=\"fd21868\" data-element_type=\"column\" data-e-type=\"column\">\n\t\t\t<div class=\"elementor-widget-wrap elementor-element-populated\">\n\t\t\t\t\t\t<div class=\"elementor-element elementor-element-785a705 de_scroll_animation_no elementor-widget elementor-widget-heading\" data-id=\"785a705\" data-element_type=\"widget\" data-e-type=\"widget\" data-widget_type=\"heading.default\">\n\t\t\t\t<div class=\"elementor-widget-container\">\n\t\t\t\t\t<h2 class=\"elementor-heading-title elementor-size-default\">Medizinische Einrichtungen<\/h2>\t\t\t\t<\/div>\n\t\t\t\t<\/div>\n\t\t\t\t<div class=\"elementor-element elementor-element-cef9f03 de_scroll_animation_no elementor-widget elementor-widget-text-editor\" data-id=\"cef9f03\" data-element_type=\"widget\" data-e-type=\"widget\" data-widget_type=\"text-editor.default\">\n\t\t\t\t<div class=\"elementor-widget-container\">\n\t\t\t\t\t\t\t\t\t<div class=\"page\" title=\"Page 4\"><div class=\"layoutArea\"><div class=\"column\"><p>Das Wesen einer Praxis ist nicht-technischer Natur, zentral ist die Begegnung zwischen Arzt und Patient. Aber die Technik ist heutzutage unerl\u00e4sslich f\u00fcr den Erfolg der Behandlung, sie muss stets pr\u00e4sent, aber nicht im Fokus sein. Sie muss im Hintergrund zuverl\u00e4ssig, \u00fcbersichtlich und mit hoher Datensicherheit und -integrit\u00e4t arbeiten.<\/p><p>Unsere IT- und Netzwerkl\u00f6sungen stehen genau f\u00fcr diese Anforderung: <strong>Verl\u00e4sslichkeit <\/strong>in der t\u00e4glichen Arbeit und ein extrem hohes Ma\u00df an <strong>Sicherheit <\/strong>bei <strong>Datenschutz <\/strong>und <strong>Datenintegrit\u00e4t<\/strong>! Und auch wir sind Patienten und wissen, dass in Praxen ein hohes Arbeitstempo herrscht. Unsere L\u00f6sungen arbeiten <strong>ausreichend schnell<\/strong>, sodass niemand auf die Bereitstellung von Patientendaten warten muss.<\/p><p><strong>Wenn Sie sich diese Verh\u00e4ltnisse w\u00fcnschen und sich endlich wieder mehr auf IHRE Arbeit konzentrieren wollen? <\/strong>Sprechen Sie uns an, wir erkl\u00e4ren Ihnen gerne in einem pers\u00f6nlichen Gespr\u00e4ch, was uns und unsere Arbeit unterscheidet.<\/p><\/div><\/div><\/div>\t\t\t\t\t\t\t\t<\/div>\n\t\t\t\t<\/div>\n\t\t\t\t<div class=\"elementor-element elementor-element-4940ccd de_scroll_animation_no elementor-widget elementor-widget-button\" data-id=\"4940ccd\" data-element_type=\"widget\" data-e-type=\"widget\" data-widget_type=\"button.default\">\n\t\t\t\t<div class=\"elementor-widget-container\">\n\t\t\t\t\t\t\t\t\t<div class=\"elementor-button-wrapper\">\n\t\t\t\t\t<a class=\"elementor-button elementor-button-link elementor-size-sm elementor-animation-grow\" href=\"https:\/\/cherub-systems.de\/kontakt\/\">\n\t\t\t\t\t\t<span class=\"elementor-button-content-wrapper\">\n\t\t\t\t\t\t\t\t\t<span class=\"elementor-button-text\">Kontaktieren Sie uns<\/span>\n\t\t\t\t\t<\/span>\n\t\t\t\t\t<\/a>\n\t\t\t\t<\/div>\n\t\t\t\t\t\t\t\t<\/div>\n\t\t\t\t<\/div>\n\t\t\t\t\t<\/div>\n\t\t<\/div>\n\t\t\t\t<div class=\"elementor-column elementor-col-50 elementor-top-column elementor-element elementor-element-9569104\" data-id=\"9569104\" data-element_type=\"column\" data-e-type=\"column\">\n\t\t\t<div class=\"elementor-widget-wrap elementor-element-populated\">\n\t\t\t\t\t\t<div class=\"elementor-element elementor-element-b63e6bd de_scroll_animation_no elementor-widget elementor-widget-image\" data-id=\"b63e6bd\" data-element_type=\"widget\" data-e-type=\"widget\" data-widget_type=\"image.default\">\n\t\t\t\t<div class=\"elementor-widget-container\">\n\t\t\t\t\t\t\t\t\t\t\t\t\t\t\t<img fetchpriority=\"high\" decoding=\"async\" width=\"631\" height=\"681\" src=\"https:\/\/cherub-systems.de\/wp-content\/uploads\/2024\/10\/Bild-21-ai-1-1.png\" class=\"attachment-large size-large wp-image-1293\" alt=\"\" srcset=\"https:\/\/cherub-systems.de\/wp-content\/uploads\/2024\/10\/Bild-21-ai-1-1.png 631w, https:\/\/cherub-systems.de\/wp-content\/uploads\/2024\/10\/Bild-21-ai-1-1-278x300.png 278w, https:\/\/cherub-systems.de\/wp-content\/uploads\/2024\/10\/Bild-21-ai-1-1-11x12.png 11w\" sizes=\"(max-width: 631px) 100vw, 631px\" \/>\t\t\t\t\t\t\t\t\t\t\t\t\t\t\t<\/div>\n\t\t\t\t<\/div>\n\t\t\t\t\t<\/div>\n\t\t<\/div>\n\t\t\t\t\t<\/div>\n\t\t<\/section>\n\t\t\t\t<section class=\"elementor-section elementor-top-section elementor-element elementor-element-9a4c416 elementor-section-boxed elementor-section-height-default elementor-section-height-default\" data-id=\"9a4c416\" data-element_type=\"section\" data-e-type=\"section\">\n\t\t\t\t\t\t<div class=\"elementor-container elementor-column-gap-default\">\n\t\t\t\t\t<div class=\"elementor-column elementor-col-100 elementor-top-column elementor-element elementor-element-5ed3943\" data-id=\"5ed3943\" data-element_type=\"column\" data-e-type=\"column\">\n\t\t\t<div class=\"elementor-widget-wrap elementor-element-populated\">\n\t\t\t\t\t\t<div class=\"elementor-element elementor-element-9a305c4 de_scroll_animation_no elementor-widget elementor-widget-heading\" data-id=\"9a305c4\" data-element_type=\"widget\" data-e-type=\"widget\" data-widget_type=\"heading.default\">\n\t\t\t\t<div class=\"elementor-widget-container\">\n\t\t\t\t\t<h3 class=\"elementor-heading-title elementor-size-default\">Zertifiziert f\u00fcr den Krankenhauszukunftsfonds (KHZG)<\/h3>\t\t\t\t<\/div>\n\t\t\t\t<\/div>\n\t\t\t\t\t<\/div>\n\t\t<\/div>\n\t\t\t\t\t<\/div>\n\t\t<\/section>\n\t\t\t\t<section class=\"elementor-section elementor-top-section elementor-element elementor-element-20da25a elementor-section-boxed elementor-section-height-default elementor-section-height-default\" data-id=\"20da25a\" data-element_type=\"section\" data-e-type=\"section\">\n\t\t\t\t\t\t<div class=\"elementor-container elementor-column-gap-default\">\n\t\t\t\t\t<div class=\"elementor-column elementor-col-100 elementor-top-column elementor-element elementor-element-8261062\" data-id=\"8261062\" data-element_type=\"column\" data-e-type=\"column\">\n\t\t\t<div class=\"elementor-widget-wrap elementor-element-populated\">\n\t\t\t\t\t\t<div class=\"elementor-element elementor-element-5cfd205 de_scroll_animation_no elementor-widget elementor-widget-text-editor\" data-id=\"5cfd205\" data-element_type=\"widget\" data-e-type=\"widget\" data-widget_type=\"text-editor.default\">\n\t\t\t\t<div class=\"elementor-widget-container\">\n\t\t\t\t\t\t\t\t\t<p>cherub-Systems ist <strong>nach den Vorgaben des Krankenhauszukunftsfonds gem\u00e4\u00df \u00a7 21 Absatz 5 Satz 1 zertifiziert<\/strong>. F\u00fcr medizinische Einrichtungen bedeutet das: Unsere L\u00f6sungen erf\u00fcllen die f\u00f6rderrechtlichen Anforderungen und <strong>k\u00f6nnen als sichere Grundlage f\u00fcr KHZG-gef\u00f6rderte Digitalisierungsprojekte genutzt werden<\/strong>. Wir unterst\u00fctzen Sie dabei, Ihre IT zukunftssicher und f\u00f6rderkonform weiterzuentwickeln.<\/p>\t\t\t\t\t\t\t\t<\/div>\n\t\t\t\t<\/div>\n\t\t\t\t\t<\/div>\n\t\t<\/div>\n\t\t\t\t\t<\/div>\n\t\t<\/section>\n\t\t\t\t<\/div>\n\t\t","protected":false},"excerpt":{"rendered":"<p>Medizinische Einrichtungen Das Wesen einer Praxis ist nicht-technischer Natur, zentral ist die Begegnung zwischen Arzt und Patient. Aber die Technik ist heutzutage unerl\u00e4sslich f\u00fcr den Erfolg der Behandlung, sie muss stets pr\u00e4sent, aber nicht im Fokus sein. Sie muss im Hintergrund zuverl\u00e4ssig, \u00fcbersichtlich und mit hoher Datensicherheit und -integrit\u00e4t arbeiten. Unsere IT- und Netzwerkl\u00f6sungen stehen [&hellip;]<\/p>\n","protected":false},"author":1,"featured_media":0,"parent":0,"menu_order":0,"comment_status":"closed","ping_status":"closed","template":"","meta":{"ocean_post_layout":"full-screen","ocean_both_sidebars_style":"","ocean_both_sidebars_content_width":0,"ocean_both_sidebars_sidebars_width":0,"ocean_sidebar":"","ocean_second_sidebar":"","ocean_disable_margins":"enable","ocean_add_body_class":"","ocean_shortcode_before_top_bar":"","ocean_shortcode_after_top_bar":"","ocean_shortcode_before_header":"","ocean_shortcode_after_header":"","ocean_has_shortcode":"","ocean_shortcode_after_title":"","ocean_shortcode_before_footer_widgets":"","ocean_shortcode_after_footer_widgets":"","ocean_shortcode_before_footer_bottom":"","ocean_shortcode_after_footer_bottom":"","ocean_display_top_bar":"default","ocean_display_header":"default","ocean_header_style":"","ocean_center_header_left_menu":"","ocean_custom_header_template":"","ocean_custom_logo":0,"ocean_custom_retina_logo":0,"ocean_custom_logo_max_width":0,"ocean_custom_logo_tablet_max_width":0,"ocean_custom_logo_mobile_max_width":0,"ocean_custom_logo_max_height":0,"ocean_custom_logo_tablet_max_height":0,"ocean_custom_logo_mobile_max_height":0,"ocean_header_custom_menu":"","ocean_menu_typo_font_family":"","ocean_menu_typo_font_subset":"","ocean_menu_typo_font_size":0,"ocean_menu_typo_font_size_tablet":0,"ocean_menu_typo_font_size_mobile":0,"ocean_menu_typo_font_size_unit":"px","ocean_menu_typo_font_weight":"","ocean_menu_typo_font_weight_tablet":"","ocean_menu_typo_font_weight_mobile":"","ocean_menu_typo_transform":"","ocean_menu_typo_transform_tablet":"","ocean_menu_typo_transform_mobile":"","ocean_menu_typo_line_height":0,"ocean_menu_typo_line_height_tablet":0,"ocean_menu_typo_line_height_mobile":0,"ocean_menu_typo_line_height_unit":"","ocean_menu_typo_spacing":0,"ocean_menu_typo_spacing_tablet":0,"ocean_menu_typo_spacing_mobile":0,"ocean_menu_typo_spacing_unit":"","ocean_menu_link_color":"","ocean_menu_link_color_hover":"","ocean_menu_link_color_active":"","ocean_menu_link_background":"","ocean_menu_link_hover_background":"","ocean_menu_link_active_background":"","ocean_menu_social_links_bg":"","ocean_menu_social_hover_links_bg":"","ocean_menu_social_links_color":"","ocean_menu_social_hover_links_color":"","ocean_disable_title":"on","ocean_disable_heading":"default","ocean_post_title":"","ocean_post_subheading":"","ocean_post_title_style":"","ocean_post_title_background_color":"","ocean_post_title_background":0,"ocean_post_title_bg_image_position":"","ocean_post_title_bg_image_attachment":"","ocean_post_title_bg_image_repeat":"","ocean_post_title_bg_image_size":"","ocean_post_title_height":0,"ocean_post_title_bg_overlay":0.5,"ocean_post_title_bg_overlay_color":"","ocean_disable_breadcrumbs":"off","ocean_breadcrumbs_color":"","ocean_breadcrumbs_separator_color":"","ocean_breadcrumbs_links_color":"","ocean_breadcrumbs_links_hover_color":"","ocean_display_footer_widgets":"default","ocean_display_footer_bottom":"default","ocean_custom_footer_template":"","footnotes":""},"class_list":["post-525","page","type-page","status-publish","hentry","entry"],"_links":{"self":[{"href":"https:\/\/cherub-systems.de\/en\/wp-json\/wp\/v2\/pages\/525","targetHints":{"allow":["GET"]}}],"collection":[{"href":"https:\/\/cherub-systems.de\/en\/wp-json\/wp\/v2\/pages"}],"about":[{"href":"https:\/\/cherub-systems.de\/en\/wp-json\/wp\/v2\/types\/page"}],"author":[{"embeddable":true,"href":"https:\/\/cherub-systems.de\/en\/wp-json\/wp\/v2\/users\/1"}],"replies":[{"embeddable":true,"href":"https:\/\/cherub-systems.de\/en\/wp-json\/wp\/v2\/comments?post=525"}],"version-history":[{"count":59,"href":"https:\/\/cherub-systems.de\/en\/wp-json\/wp\/v2\/pages\/525\/revisions"}],"predecessor-version":[{"id":1468,"href":"https:\/\/cherub-systems.de\/en\/wp-json\/wp\/v2\/pages\/525\/revisions\/1468"}],"wp:attachment":[{"href":"https:\/\/cherub-systems.de\/en\/wp-json\/wp\/v2\/media?parent=525"}],"curies":[{"name":"wp","href":"https:\/\/api.w.org\/{rel}","templated":true}]}}