{"id":490,"date":"2023-11-22T06:06:19","date_gmt":"2023-11-22T06:06:19","guid":{"rendered":"https:\/\/cherub-systems.de\/?page_id=490"},"modified":"2024-10-31T20:14:58","modified_gmt":"2024-10-31T18:14:58","slug":"ceph","status":"publish","type":"page","link":"https:\/\/cherub-systems.de\/en\/ceph\/","title":{"rendered":"Ceph"},"content":{"rendered":"<style>.elementor-490 .elementor-element.elementor-element-4f30dd9 > .elementor-container{min-height:400px;}.elementor-490 .elementor-element.elementor-element-4f30dd9 > .elementor-container > .elementor-column > .elementor-widget-wrap{align-content:center;align-items:center;}.elementor-490 .elementor-element.elementor-element-4f30dd9:not(.elementor-motion-effects-element-type-background), .elementor-490 .elementor-element.elementor-element-4f30dd9 > .elementor-motion-effects-container > .elementor-motion-effects-layer{background-image:url(\"https:\/\/cherub-systems.de\/wp-content\/uploads\/2023\/11\/Bild-5-scaled.jpg\");background-position:bottom center;background-repeat:no-repeat;background-size:cover;}.elementor-490 .elementor-element.elementor-element-4f30dd9 > .elementor-background-overlay{background-color:var( --e-global-color-3b1f5ab );opacity:0.3;transition:background 0.3s, border-radius 0.3s, opacity 0.3s;}.elementor-490 .elementor-element.elementor-element-4f30dd9{transition:all 400ms;}.elementor-490 .elementor-element.elementor-element-82567c7{transition:all 400ms;}.elementor-490 .elementor-element.elementor-element-7cd37f6{text-align:center;transition:all 400ms;}.elementor-490 .elementor-element.elementor-element-7cd37f6 .elementor-heading-title{text-transform:capitalize;color:var( --e-global-color-85d770d );}.elementor-490 .elementor-element.elementor-element-c2bc522 > .elementor-container{max-width:1250px;}.elementor-490 .elementor-element.elementor-element-c2bc522{margin-top:80px;margin-bottom:80px;transition:all 400ms;}.elementor-bc-flex-widget .elementor-490 .elementor-element.elementor-element-ad228cb.elementor-column .elementor-widget-wrap{align-items:center;}.elementor-490 .elementor-element.elementor-element-ad228cb.elementor-column.elementor-element[data-element_type=\"column\"] > .elementor-widget-wrap.elementor-element-populated{align-content:center;align-items:center;}.elementor-490 .elementor-element.elementor-element-ad228cb{transition:all 400ms;}.elementor-490 .elementor-element.elementor-element-2542ba9 img{width:68%;}.elementor-490 .elementor-element.elementor-element-2542ba9{transition:all 400ms;}.elementor-bc-flex-widget .elementor-490 .elementor-element.elementor-element-d4fa340.elementor-column .elementor-widget-wrap{align-items:center;}.elementor-490 .elementor-element.elementor-element-d4fa340.elementor-column.elementor-element[data-element_type=\"column\"] > .elementor-widget-wrap.elementor-element-populated{align-content:center;align-items:center;}.elementor-490 .elementor-element.elementor-element-d4fa340 > .elementor-element-populated{margin:0px 0px 0px 30px;--e-column-margin-right:0px;--e-column-margin-left:30px;}.elementor-490 .elementor-element.elementor-element-d4fa340{transition:all 400ms;}.elementor-490 .elementor-element.elementor-element-2e4bea1 .elementor-heading-title{font-family:\"Rubik\", Sans-serif;font-size:30px;font-weight:500;text-transform:none;color:var( --e-global-color-91ce447 );}.elementor-490 .elementor-element.elementor-element-2e4bea1{transition:all 400ms;}.elementor-490 .elementor-element.elementor-element-771d1e4{color:var( --e-global-color-3b1f5ab );transition:all 400ms;}.elementor-490 .elementor-element.elementor-element-841722f .elementor-button{fill:var( --e-global-color-22f0f96 );color:var( --e-global-color-22f0f96 );background-color:var( --e-global-color-6d09685 );}.elementor-490 .elementor-element.elementor-element-841722f .elementor-button:hover, .elementor-490 .elementor-element.elementor-element-841722f .elementor-button:focus{background-color:var( --e-global-color-91ce447 );}.elementor-490 .elementor-element.elementor-element-841722f{transition:all 400ms;}@media(min-width:768px){.elementor-490 .elementor-element.elementor-element-ad228cb{width:41.963%;}.elementor-490 .elementor-element.elementor-element-d4fa340{width:58.037%;}}@media(max-width:1024px){.elementor-490 .elementor-element.elementor-element-4f30dd9 > .elementor-container{min-height:350px;}.elementor-490 .elementor-element.elementor-element-2e4bea1 .elementor-heading-title{font-size:38px;}}@media(max-width:767px){.elementor-490 .elementor-element.elementor-element-4f30dd9 > .elementor-container{min-height:180px;}.elementor-490 .elementor-element.elementor-element-4f30dd9:not(.elementor-motion-effects-element-type-background), .elementor-490 .elementor-element.elementor-element-4f30dd9 > .elementor-motion-effects-container > .elementor-motion-effects-layer{background-position:80% 0px;}.elementor-490 .elementor-element.elementor-element-c2bc522{margin-top:40px;margin-bottom:40px;}.elementor-490 .elementor-element.elementor-element-2542ba9 img{width:49%;}.elementor-490 .elementor-element.elementor-element-d4fa340 > .elementor-element-populated{margin:0px 0px 0px 0px;--e-column-margin-right:0px;--e-column-margin-left:0px;}.elementor-490 .elementor-element.elementor-element-2e4bea1 .elementor-heading-title{font-size:25px;}}<\/style>\t\t<div data-elementor-type=\"wp-page\" data-elementor-id=\"490\" class=\"elementor elementor-490\" data-elementor-post-type=\"page\">\n\t\t\t\t\t\t<section class=\"elementor-section elementor-top-section elementor-element elementor-element-4f30dd9 elementor-section-height-min-height elementor-section-content-middle elementor-section-boxed elementor-section-height-default elementor-section-items-middle\" data-id=\"4f30dd9\" data-element_type=\"section\" data-e-type=\"section\" data-settings=\"{&quot;background_background&quot;:&quot;classic&quot;}\">\n\t\t\t\t\t\t\t<div class=\"elementor-background-overlay\"><\/div>\n\t\t\t\t\t\t\t<div class=\"elementor-container elementor-column-gap-default\">\n\t\t\t\t\t<div class=\"elementor-column elementor-col-100 elementor-top-column elementor-element elementor-element-82567c7\" data-id=\"82567c7\" data-element_type=\"column\" data-e-type=\"column\">\n\t\t\t<div class=\"elementor-widget-wrap elementor-element-populated\">\n\t\t\t\t\t\t<div class=\"elementor-element elementor-element-7cd37f6 de_scroll_animation_no elementor-widget elementor-widget-heading\" data-id=\"7cd37f6\" data-element_type=\"widget\" data-e-type=\"widget\" data-widget_type=\"heading.default\">\n\t\t\t\t<div class=\"elementor-widget-container\">\n\t\t\t\t\t<h2 class=\"elementor-heading-title elementor-size-default\">Ceph<\/h2>\t\t\t\t<\/div>\n\t\t\t\t<\/div>\n\t\t\t\t\t<\/div>\n\t\t<\/div>\n\t\t\t\t\t<\/div>\n\t\t<\/section>\n\t\t\t\t<section class=\"elementor-section elementor-top-section elementor-element elementor-element-c2bc522 elementor-section-boxed elementor-section-height-default elementor-section-height-default\" data-id=\"c2bc522\" data-element_type=\"section\" data-e-type=\"section\">\n\t\t\t\t\t\t<div class=\"elementor-container elementor-column-gap-default\">\n\t\t\t\t\t<div class=\"elementor-column elementor-col-50 elementor-top-column elementor-element elementor-element-ad228cb\" data-id=\"ad228cb\" data-element_type=\"column\" data-e-type=\"column\">\n\t\t\t<div class=\"elementor-widget-wrap elementor-element-populated\">\n\t\t\t\t\t\t<div class=\"elementor-element elementor-element-2542ba9 de_scroll_animation_no elementor-widget elementor-widget-image\" data-id=\"2542ba9\" data-element_type=\"widget\" data-e-type=\"widget\" data-widget_type=\"image.default\">\n\t\t\t\t<div class=\"elementor-widget-container\">\n\t\t\t\t\t\t\t\t\t\t\t\t\t\t\t<img fetchpriority=\"high\" decoding=\"async\" width=\"719\" height=\"718\" src=\"https:\/\/cherub-systems.de\/wp-content\/uploads\/2024\/10\/Bild-31-ai-1.png\" class=\"attachment-large size-large wp-image-1314\" alt=\"\" srcset=\"https:\/\/cherub-systems.de\/wp-content\/uploads\/2024\/10\/Bild-31-ai-1.png 719w, https:\/\/cherub-systems.de\/wp-content\/uploads\/2024\/10\/Bild-31-ai-1-300x300.png 300w, https:\/\/cherub-systems.de\/wp-content\/uploads\/2024\/10\/Bild-31-ai-1-150x150.png 150w, https:\/\/cherub-systems.de\/wp-content\/uploads\/2024\/10\/Bild-31-ai-1-12x12.png 12w, https:\/\/cherub-systems.de\/wp-content\/uploads\/2024\/10\/Bild-31-ai-1-600x600.png 600w\" sizes=\"(max-width: 719px) 100vw, 719px\" \/>\t\t\t\t\t\t\t\t\t\t\t\t\t\t\t<\/div>\n\t\t\t\t<\/div>\n\t\t\t\t\t<\/div>\n\t\t<\/div>\n\t\t\t\t<div class=\"elementor-column elementor-col-50 elementor-top-column elementor-element elementor-element-d4fa340\" data-id=\"d4fa340\" data-element_type=\"column\" data-e-type=\"column\">\n\t\t\t<div class=\"elementor-widget-wrap elementor-element-populated\">\n\t\t\t\t\t\t<div class=\"elementor-element elementor-element-2e4bea1 de_scroll_animation_no elementor-widget elementor-widget-heading\" data-id=\"2e4bea1\" data-element_type=\"widget\" data-e-type=\"widget\" data-widget_type=\"heading.default\">\n\t\t\t\t<div class=\"elementor-widget-container\">\n\t\t\t\t\t<h5 class=\"elementor-heading-title elementor-size-default\">Ceph<\/h5>\t\t\t\t<\/div>\n\t\t\t\t<\/div>\n\t\t\t\t<div class=\"elementor-element elementor-element-771d1e4 de_scroll_animation_no elementor-widget elementor-widget-text-editor\" data-id=\"771d1e4\" data-element_type=\"widget\" data-e-type=\"widget\" data-widget_type=\"text-editor.default\">\n\t\t\t\t<div class=\"elementor-widget-container\">\n\t\t\t\t\t\t\t\t\t<p><strong>Als moderne Erg\u00e4nzung zu unseren bew\u00e4hrten ZFS-L\u00f6sungen bieten wir Ihnen mit Ceph eine hochverf\u00fcgbare und flexible Speicherl\u00f6sung, die den heutigen Anforderungen an Skalierbarkeit und Ausfallsicherheit gerecht wird.<\/strong><\/p><p>Ceph ist eine hochverf\u00fcgbare Speicherl\u00f6sung, die insbesondere f\u00fcr Szenarien entwickelt wurde, in denen Ausfallsicherheit und Skalierbarkeit an erster Stelle stehen. Anders als bei traditionellen Dateisystemen wie ZFS, ist Ceph darauf ausgelegt, sich nahtlos \u00fcber mehrere Server hinweg zu erstrecken, was eine fortw\u00e4hrende Betriebsbereitschaft und einen reibungslosen Datenzugriff auch bei Ausfall einer Komponente erm\u00f6glicht. Zudem bietet Ceph eine einzigartige Flexibilit\u00e4t durch seine Objektspeicherarchitektur, die es erlaubt, Speicherressourcen dynamisch anzupassen und zu verteilen, ohne dabei auf Leistungseinbu\u00dfen zu sto\u00dfen \u2013 ein klarer Vorteil gegen\u00fcber ZFS-basierten L\u00f6sungen, wenn es um die Verwaltung von Petabyte-gro\u00dfen Datens\u00e4tzen geht. Mit Ceph erhalten Sie eine resiliente IT-Infrastruktur, die nicht nur mit Ihrem Unternehmen mitw\u00e4chst, sondern auch den steigenden Anforderungen an Datenverf\u00fcgbarkeit und -sicherheit gerecht wird.<\/p>\t\t\t\t\t\t\t\t<\/div>\n\t\t\t\t<\/div>\n\t\t\t\t<div class=\"elementor-element elementor-element-841722f de_scroll_animation_no elementor-widget elementor-widget-button\" data-id=\"841722f\" data-element_type=\"widget\" data-e-type=\"widget\" data-widget_type=\"button.default\">\n\t\t\t\t<div class=\"elementor-widget-container\">\n\t\t\t\t\t\t\t\t\t<div class=\"elementor-button-wrapper\">\n\t\t\t\t\t<a class=\"elementor-button elementor-button-link elementor-size-sm\" href=\"https:\/\/cherub-systems.de\/kontakt\/\">\n\t\t\t\t\t\t<span class=\"elementor-button-content-wrapper\">\n\t\t\t\t\t\t\t\t\t<span class=\"elementor-button-text\">Kontaktieren Sie uns<\/span>\n\t\t\t\t\t<\/span>\n\t\t\t\t\t<\/a>\n\t\t\t\t<\/div>\n\t\t\t\t\t\t\t\t<\/div>\n\t\t\t\t<\/div>\n\t\t\t\t\t<\/div>\n\t\t<\/div>\n\t\t\t\t\t<\/div>\n\t\t<\/section>\n\t\t\t\t<\/div>\n\t\t","protected":false},"excerpt":{"rendered":"<p>Ceph Als moderne Erg\u00e4nzung zu unseren bew\u00e4hrten ZFS-L\u00f6sungen bieten wir Ihnen mit Ceph eine hochverf\u00fcgbare und flexible Speicherl\u00f6sung, die den heutigen Anforderungen an Skalierbarkeit und Ausfallsicherheit gerecht wird. Ceph ist eine hochverf\u00fcgbare Speicherl\u00f6sung, die insbesondere f\u00fcr Szenarien entwickelt wurde, in denen Ausfallsicherheit und Skalierbarkeit an erster Stelle stehen. Anders als bei traditionellen Dateisystemen wie ZFS, [&hellip;]<\/p>\n","protected":false},"author":1,"featured_media":0,"parent":0,"menu_order":0,"comment_status":"closed","ping_status":"closed","template":"","meta":{"ocean_post_layout":"full-screen","ocean_both_sidebars_style":"","ocean_both_sidebars_content_width":0,"ocean_both_sidebars_sidebars_width":0,"ocean_sidebar":"","ocean_second_sidebar":"","ocean_disable_margins":"enable","ocean_add_body_class":"","ocean_shortcode_before_top_bar":"","ocean_shortcode_after_top_bar":"","ocean_shortcode_before_header":"","ocean_shortcode_after_header":"","ocean_has_shortcode":"","ocean_shortcode_after_title":"","ocean_shortcode_before_footer_widgets":"","ocean_shortcode_after_footer_widgets":"","ocean_shortcode_before_footer_bottom":"","ocean_shortcode_after_footer_bottom":"","ocean_display_top_bar":"default","ocean_display_header":"default","ocean_header_style":"","ocean_center_header_left_menu":"","ocean_custom_header_template":"","ocean_custom_logo":0,"ocean_custom_retina_logo":0,"ocean_custom_logo_max_width":0,"ocean_custom_logo_tablet_max_width":0,"ocean_custom_logo_mobile_max_width":0,"ocean_custom_logo_max_height":0,"ocean_custom_logo_tablet_max_height":0,"ocean_custom_logo_mobile_max_height":0,"ocean_header_custom_menu":"","ocean_menu_typo_font_family":"","ocean_menu_typo_font_subset":"","ocean_menu_typo_font_size":0,"ocean_menu_typo_font_size_tablet":0,"ocean_menu_typo_font_size_mobile":0,"ocean_menu_typo_font_size_unit":"px","ocean_menu_typo_font_weight":"","ocean_menu_typo_font_weight_tablet":"","ocean_menu_typo_font_weight_mobile":"","ocean_menu_typo_transform":"","ocean_menu_typo_transform_tablet":"","ocean_menu_typo_transform_mobile":"","ocean_menu_typo_line_height":0,"ocean_menu_typo_line_height_tablet":0,"ocean_menu_typo_line_height_mobile":0,"ocean_menu_typo_line_height_unit":"","ocean_menu_typo_spacing":0,"ocean_menu_typo_spacing_tablet":0,"ocean_menu_typo_spacing_mobile":0,"ocean_menu_typo_spacing_unit":"","ocean_menu_link_color":"","ocean_menu_link_color_hover":"","ocean_menu_link_color_active":"","ocean_menu_link_background":"","ocean_menu_link_hover_background":"","ocean_menu_link_active_background":"","ocean_menu_social_links_bg":"","ocean_menu_social_hover_links_bg":"","ocean_menu_social_links_color":"","ocean_menu_social_hover_links_color":"","ocean_disable_title":"on","ocean_disable_heading":"default","ocean_post_title":"","ocean_post_subheading":"","ocean_post_title_style":"","ocean_post_title_background_color":"","ocean_post_title_background":0,"ocean_post_title_bg_image_position":"","ocean_post_title_bg_image_attachment":"","ocean_post_title_bg_image_repeat":"","ocean_post_title_bg_image_size":"","ocean_post_title_height":0,"ocean_post_title_bg_overlay":0.5,"ocean_post_title_bg_overlay_color":"","ocean_disable_breadcrumbs":"off","ocean_breadcrumbs_color":"","ocean_breadcrumbs_separator_color":"","ocean_breadcrumbs_links_color":"","ocean_breadcrumbs_links_hover_color":"","ocean_display_footer_widgets":"default","ocean_display_footer_bottom":"default","ocean_custom_footer_template":"","footnotes":""},"class_list":["post-490","page","type-page","status-publish","hentry","entry"],"_links":{"self":[{"href":"https:\/\/cherub-systems.de\/en\/wp-json\/wp\/v2\/pages\/490","targetHints":{"allow":["GET"]}}],"collection":[{"href":"https:\/\/cherub-systems.de\/en\/wp-json\/wp\/v2\/pages"}],"about":[{"href":"https:\/\/cherub-systems.de\/en\/wp-json\/wp\/v2\/types\/page"}],"author":[{"embeddable":true,"href":"https:\/\/cherub-systems.de\/en\/wp-json\/wp\/v2\/users\/1"}],"replies":[{"embeddable":true,"href":"https:\/\/cherub-systems.de\/en\/wp-json\/wp\/v2\/comments?post=490"}],"version-history":[{"count":31,"href":"https:\/\/cherub-systems.de\/en\/wp-json\/wp\/v2\/pages\/490\/revisions"}],"predecessor-version":[{"id":1317,"href":"https:\/\/cherub-systems.de\/en\/wp-json\/wp\/v2\/pages\/490\/revisions\/1317"}],"wp:attachment":[{"href":"https:\/\/cherub-systems.de\/en\/wp-json\/wp\/v2\/media?parent=490"}],"curies":[{"name":"wp","href":"https:\/\/api.w.org\/{rel}","templated":true}]}}