{"id":463,"date":"2023-11-22T05:47:43","date_gmt":"2023-11-22T05:47:43","guid":{"rendered":"https:\/\/cherub-systems.de\/?page_id=463"},"modified":"2026-03-21T21:51:57","modified_gmt":"2026-03-21T19:51:57","slug":"umstellungsberatung","status":"publish","type":"page","link":"https:\/\/cherub-systems.de\/en\/umstellungsberatung\/","title":{"rendered":"Transition advice"},"content":{"rendered":"<style>.elementor-463 .elementor-element.elementor-element-1dbbed4 > .elementor-container{min-height:400px;}.elementor-463 .elementor-element.elementor-element-1dbbed4:not(.elementor-motion-effects-element-type-background), .elementor-463 .elementor-element.elementor-element-1dbbed4 > .elementor-motion-effects-container > .elementor-motion-effects-layer{background-image:url(\"https:\/\/cherub-systems.de\/wp-content\/uploads\/2023\/11\/Bild-22-scaled.jpg\");background-position:center center;background-repeat:no-repeat;background-size:cover;}.elementor-463 .elementor-element.elementor-element-1dbbed4 > .elementor-background-overlay{background-color:var( --e-global-color-3b1f5ab );opacity:0.32;transition:background 0.3s, border-radius 0.3s, opacity 0.3s;}.elementor-463 .elementor-element.elementor-element-1dbbed4{transition:all 400ms;margin-top:0px;margin-bottom:0px;padding:0px 0px 0px 0px;}.elementor-463 .elementor-element.elementor-element-2c9a3fa{transition:all 400ms;}.elementor-463 .elementor-element.elementor-element-295fbdf{text-align:center;transition:all 400ms;}.elementor-463 .elementor-element.elementor-element-295fbdf .elementor-heading-title{text-transform:capitalize;color:var( --e-global-color-85d770d );}.elementor-463 .elementor-element.elementor-element-78827fe > .elementor-container{max-width:1250px;}.elementor-463 .elementor-element.elementor-element-78827fe{margin-top:80px;margin-bottom:0px;transition:all 400ms;}.elementor-bc-flex-widget .elementor-463 .elementor-element.elementor-element-388a779.elementor-column .elementor-widget-wrap{align-items:center;}.elementor-463 .elementor-element.elementor-element-388a779.elementor-column.elementor-element[data-element_type=\"column\"] > .elementor-widget-wrap.elementor-element-populated{align-content:center;align-items:center;}.elementor-463 .elementor-element.elementor-element-388a779 > .elementor-element-populated{margin:0px 30px 0px 0px;--e-column-margin-right:30px;--e-column-margin-left:0px;}.elementor-463 .elementor-element.elementor-element-388a779{transition:all 400ms;}.elementor-463 .elementor-element.elementor-element-63ea5a4 .elementor-heading-title{font-family:\"Rubik\", Sans-serif;font-size:30px;font-weight:500;text-transform:none;color:var( --e-global-color-91ce447 );}.elementor-463 .elementor-element.elementor-element-63ea5a4{transition:all 400ms;}.elementor-463 .elementor-element.elementor-element-3011277{color:var( --e-global-color-3b1f5ab );transition:all 400ms;}.elementor-bc-flex-widget .elementor-463 .elementor-element.elementor-element-37ff89d.elementor-column .elementor-widget-wrap{align-items:center;}.elementor-463 .elementor-element.elementor-element-37ff89d.elementor-column.elementor-element[data-element_type=\"column\"] > .elementor-widget-wrap.elementor-element-populated{align-content:center;align-items:center;}.elementor-463 .elementor-element.elementor-element-37ff89d{transition:all 400ms;}.elementor-463 .elementor-element.elementor-element-4b78729 img{width:82%;max-width:82%;}.elementor-463 .elementor-element.elementor-element-4b78729{transition:all 400ms;}.elementor-463 .elementor-element.elementor-element-27947cb .elementor-button{font-family:var( --e-global-typography-accent-font-family ), Sans-serif;font-size:var( --e-global-typography-accent-font-size );font-weight:var( --e-global-typography-accent-font-weight );fill:var( --e-global-color-22f0f96 );color:var( --e-global-color-22f0f96 );background-color:var( --e-global-color-6d09685 );}.elementor-463 .elementor-element.elementor-element-27947cb .elementor-button:hover, .elementor-463 .elementor-element.elementor-element-27947cb .elementor-button:focus{color:var( --e-global-color-22f0f96 );background-color:var( --e-global-color-c35d8ea );}.elementor-463 .elementor-element.elementor-element-27947cb .elementor-button:hover svg, .elementor-463 .elementor-element.elementor-element-27947cb .elementor-button:focus svg{fill:var( --e-global-color-22f0f96 );}.elementor-463 .elementor-element.elementor-element-27947cb > .elementor-widget-container{margin:30px 0px 0px 0px;}.elementor-463 .elementor-element.elementor-element-27947cb{transition:all 400ms;}@media(max-width:1024px){.elementor-463 .elementor-element.elementor-element-63ea5a4 .elementor-heading-title{font-size:38px;}.elementor-463 .elementor-element.elementor-element-27947cb .elementor-button{font-size:var( --e-global-typography-accent-font-size );}}@media(max-width:767px){.elementor-463 .elementor-element.elementor-element-1dbbed4 > .elementor-container{min-height:180px;}.elementor-463 .elementor-element.elementor-element-295fbdf .elementor-heading-title{font-size:25px;}.elementor-463 .elementor-element.elementor-element-388a779 > .elementor-element-populated{margin:0px 0px 0px 0px;--e-column-margin-right:0px;--e-column-margin-left:0px;}.elementor-463 .elementor-element.elementor-element-63ea5a4 .elementor-heading-title{font-size:25px;}.elementor-463 .elementor-element.elementor-element-27947cb .elementor-button{font-size:var( --e-global-typography-accent-font-size );}.elementor-463 .elementor-element.elementor-element-27947cb > .elementor-widget-container{margin:0px 0px 0px 0px;}}@media(min-width:768px){.elementor-463 .elementor-element.elementor-element-388a779{width:58.037%;}.elementor-463 .elementor-element.elementor-element-37ff89d{width:41.963%;}}<\/style>\t\t<div data-elementor-type=\"wp-page\" data-elementor-id=\"463\" class=\"elementor elementor-463\" data-elementor-post-type=\"page\">\n\t\t\t\t\t\t<section class=\"elementor-section elementor-top-section elementor-element elementor-element-1dbbed4 elementor-section-full_width elementor-section-height-min-height elementor-section-height-default elementor-section-items-middle\" data-id=\"1dbbed4\" data-element_type=\"section\" data-e-type=\"section\" data-settings=\"{&quot;background_background&quot;:&quot;classic&quot;}\">\n\t\t\t\t\t\t\t<div class=\"elementor-background-overlay\"><\/div>\n\t\t\t\t\t\t\t<div class=\"elementor-container elementor-column-gap-default\">\n\t\t\t\t\t<div class=\"elementor-column elementor-col-100 elementor-top-column elementor-element elementor-element-2c9a3fa\" data-id=\"2c9a3fa\" data-element_type=\"column\" data-e-type=\"column\">\n\t\t\t<div class=\"elementor-widget-wrap elementor-element-populated\">\n\t\t\t\t\t\t<div class=\"elementor-element elementor-element-295fbdf de_scroll_animation_no elementor-widget elementor-widget-heading\" data-id=\"295fbdf\" data-element_type=\"widget\" data-e-type=\"widget\" data-widget_type=\"heading.default\">\n\t\t\t\t<div class=\"elementor-widget-container\">\n\t\t\t\t\t<h2 class=\"elementor-heading-title elementor-size-default\">Umstellungsberatung<\/h2>\t\t\t\t<\/div>\n\t\t\t\t<\/div>\n\t\t\t\t\t<\/div>\n\t\t<\/div>\n\t\t\t\t\t<\/div>\n\t\t<\/section>\n\t\t\t\t<section class=\"elementor-section elementor-top-section elementor-element elementor-element-78827fe elementor-reverse-mobile elementor-section-boxed elementor-section-height-default elementor-section-height-default\" data-id=\"78827fe\" data-element_type=\"section\" data-e-type=\"section\">\n\t\t\t\t\t\t<div class=\"elementor-container elementor-column-gap-default\">\n\t\t\t\t\t<div class=\"elementor-column elementor-col-50 elementor-top-column elementor-element elementor-element-388a779\" data-id=\"388a779\" data-element_type=\"column\" data-e-type=\"column\">\n\t\t\t<div class=\"elementor-widget-wrap elementor-element-populated\">\n\t\t\t\t\t\t<div class=\"elementor-element elementor-element-63ea5a4 de_scroll_animation_no elementor-widget elementor-widget-heading\" data-id=\"63ea5a4\" data-element_type=\"widget\" data-e-type=\"widget\" data-widget_type=\"heading.default\">\n\t\t\t\t<div class=\"elementor-widget-container\">\n\t\t\t\t\t<h5 class=\"elementor-heading-title elementor-size-default\">Umstellungsberatung<\/h5>\t\t\t\t<\/div>\n\t\t\t\t<\/div>\n\t\t\t\t<div class=\"elementor-element elementor-element-3011277 de_scroll_animation_no elementor-widget elementor-widget-text-editor\" data-id=\"3011277\" data-element_type=\"widget\" data-e-type=\"widget\" data-widget_type=\"text-editor.default\">\n\t\t\t\t<div class=\"elementor-widget-container\">\n\t\t\t\t\t\t\t\t\t<p class=\"isSelectedEnd\">Die Umstellung auf eine moderne Server und Netzwerkstruktur ist eine komplexe Entscheidung und oft mit Fragen verbunden. \u00a0Welche L\u00f6sung passt wirklich zu Ihrem Betrieb? Welche Investitionen sind sinnvoll? Und wie l\u00e4sst sich die Umstellung <strong>effizient<\/strong> und <strong>kostenschonend<\/strong> realisieren?<\/p><p class=\"isSelectedEnd\">Genau hier k\u00f6nnen wir Ihnen weiterhelfen.<\/p><p class=\"isSelectedEnd\">Wir sind der\u00a0<strong>unabh\u00e4ngiger Berater an Ihrer Seite<\/strong>. Unser Fokus liegt darauf, gemeinsam mit Ihnen eine klare, realistische und wirtschaftlich sinnvolle Strategie f\u00fcr Ihre IT-Umstellung zu entwickeln. Mit fundierter Praxiserfahrung aus Projekten in Arztpraxen, Kanzleien und anderen Unternehmen analysieren wir Ihre Ausgangssituation und zeigen Ihnen transparent auf, welche M\u00f6glichkeiten Sie haben, inklusive Vor- und Nachteile sowie Kosten-Nutzen-Abw\u00e4gungen.<\/p><p class=\"isSelectedEnd\"><strong>Unser Beratungsansatz umfasst:<\/strong><\/p><ul data-spread=\"false\"><li>Gemeinsame Analyse Ihrer bestehenden IT-Struktur<\/li><li>Ermittlung Ihres tats\u00e4chlichen Bedarfs<\/li><li>Entwicklung einer ma\u00dfgeschneiderten Umstellungsstrategie<\/li><li>Vergleich m\u00f6glicher L\u00f6sungen und Anbieter<\/li><li>Fokus auf wirtschaftlich sinnvolle und nachhaltige Entscheidungen<\/li><li>Klare Handlungsempfehlungen f\u00fcr die eigenst\u00e4ndige oder externe Umsetzung<\/li><\/ul><p class=\"isSelectedEnd\">Wir helfen Ihnen, <strong>typische Fehler zu vermeiden<\/strong>, unn\u00f6tige Kosten zu sparen und von Anfang an die richtigen Weichen zu stellen, ohne eigene Verkaufsinteressen an Hard- oder Software.<\/p>\t\t\t\t\t\t\t\t<\/div>\n\t\t\t\t<\/div>\n\t\t\t\t\t<\/div>\n\t\t<\/div>\n\t\t\t\t<div class=\"elementor-column elementor-col-50 elementor-top-column elementor-element elementor-element-37ff89d\" data-id=\"37ff89d\" data-element_type=\"column\" data-e-type=\"column\">\n\t\t\t<div class=\"elementor-widget-wrap elementor-element-populated\">\n\t\t\t\t\t\t<div class=\"elementor-element elementor-element-4b78729 de_scroll_animation_no elementor-widget elementor-widget-image\" data-id=\"4b78729\" data-element_type=\"widget\" data-e-type=\"widget\" data-widget_type=\"image.default\">\n\t\t\t\t<div class=\"elementor-widget-container\">\n\t\t\t\t\t\t\t\t\t\t\t\t\t\t\t<img fetchpriority=\"high\" decoding=\"async\" width=\"641\" height=\"674\" src=\"https:\/\/cherub-systems.de\/wp-content\/uploads\/2024\/10\/Bild-24-ai.png\" class=\"attachment-large size-large wp-image-1294\" alt=\"\" srcset=\"https:\/\/cherub-systems.de\/wp-content\/uploads\/2024\/10\/Bild-24-ai.png 641w, https:\/\/cherub-systems.de\/wp-content\/uploads\/2024\/10\/Bild-24-ai-285x300.png 285w, https:\/\/cherub-systems.de\/wp-content\/uploads\/2024\/10\/Bild-24-ai-11x12.png 11w\" sizes=\"(max-width: 641px) 100vw, 641px\" \/>\t\t\t\t\t\t\t\t\t\t\t\t\t\t\t<\/div>\n\t\t\t\t<\/div>\n\t\t\t\t<div class=\"elementor-element elementor-element-27947cb de_scroll_animation_no elementor-widget elementor-widget-button\" data-id=\"27947cb\" data-element_type=\"widget\" data-e-type=\"widget\" data-widget_type=\"button.default\">\n\t\t\t\t<div class=\"elementor-widget-container\">\n\t\t\t\t\t\t\t\t\t<div class=\"elementor-button-wrapper\">\n\t\t\t\t\t<a class=\"elementor-button elementor-button-link elementor-size-sm elementor-animation-grow\" href=\"https:\/\/cherub-systems.de\/kontakt\/\">\n\t\t\t\t\t\t<span class=\"elementor-button-content-wrapper\">\n\t\t\t\t\t\t\t\t\t<span class=\"elementor-button-text\">Kontaktieren Sie uns<\/span>\n\t\t\t\t\t<\/span>\n\t\t\t\t\t<\/a>\n\t\t\t\t<\/div>\n\t\t\t\t\t\t\t\t<\/div>\n\t\t\t\t<\/div>\n\t\t\t\t\t<\/div>\n\t\t<\/div>\n\t\t\t\t\t<\/div>\n\t\t<\/section>\n\t\t\t\t<\/div>\n\t\t","protected":false},"excerpt":{"rendered":"<p>Umstellungsberatung Die Umstellung auf eine moderne Server und Netzwerkstruktur ist eine komplexe Entscheidung und oft mit Fragen verbunden. \u00a0Welche L\u00f6sung passt wirklich zu Ihrem Betrieb? Welche Investitionen sind sinnvoll? Und wie l\u00e4sst sich die Umstellung effizient und kostenschonend realisieren? Genau hier k\u00f6nnen wir Ihnen weiterhelfen. Wir sind der\u00a0unabh\u00e4ngiger Berater an Ihrer Seite. Unser Fokus liegt [&hellip;]<\/p>\n","protected":false},"author":1,"featured_media":0,"parent":0,"menu_order":0,"comment_status":"closed","ping_status":"closed","template":"","meta":{"ocean_post_layout":"full-screen","ocean_both_sidebars_style":"","ocean_both_sidebars_content_width":0,"ocean_both_sidebars_sidebars_width":0,"ocean_sidebar":"","ocean_second_sidebar":"","ocean_disable_margins":"enable","ocean_add_body_class":"","ocean_shortcode_before_top_bar":"","ocean_shortcode_after_top_bar":"","ocean_shortcode_before_header":"","ocean_shortcode_after_header":"","ocean_has_shortcode":"","ocean_shortcode_after_title":"","ocean_shortcode_before_footer_widgets":"","ocean_shortcode_after_footer_widgets":"","ocean_shortcode_before_footer_bottom":"","ocean_shortcode_after_footer_bottom":"","ocean_display_top_bar":"default","ocean_display_header":"default","ocean_header_style":"","ocean_center_header_left_menu":"","ocean_custom_header_template":"","ocean_custom_logo":0,"ocean_custom_retina_logo":0,"ocean_custom_logo_max_width":0,"ocean_custom_logo_tablet_max_width":0,"ocean_custom_logo_mobile_max_width":0,"ocean_custom_logo_max_height":0,"ocean_custom_logo_tablet_max_height":0,"ocean_custom_logo_mobile_max_height":0,"ocean_header_custom_menu":"","ocean_menu_typo_font_family":"","ocean_menu_typo_font_subset":"","ocean_menu_typo_font_size":0,"ocean_menu_typo_font_size_tablet":0,"ocean_menu_typo_font_size_mobile":0,"ocean_menu_typo_font_size_unit":"px","ocean_menu_typo_font_weight":"","ocean_menu_typo_font_weight_tablet":"","ocean_menu_typo_font_weight_mobile":"","ocean_menu_typo_transform":"","ocean_menu_typo_transform_tablet":"","ocean_menu_typo_transform_mobile":"","ocean_menu_typo_line_height":0,"ocean_menu_typo_line_height_tablet":0,"ocean_menu_typo_line_height_mobile":0,"ocean_menu_typo_line_height_unit":"","ocean_menu_typo_spacing":0,"ocean_menu_typo_spacing_tablet":0,"ocean_menu_typo_spacing_mobile":0,"ocean_menu_typo_spacing_unit":"","ocean_menu_link_color":"","ocean_menu_link_color_hover":"","ocean_menu_link_color_active":"","ocean_menu_link_background":"","ocean_menu_link_hover_background":"","ocean_menu_link_active_background":"","ocean_menu_social_links_bg":"","ocean_menu_social_hover_links_bg":"","ocean_menu_social_links_color":"","ocean_menu_social_hover_links_color":"","ocean_disable_title":"on","ocean_disable_heading":"default","ocean_post_title":"","ocean_post_subheading":"","ocean_post_title_style":"","ocean_post_title_background_color":"","ocean_post_title_background":0,"ocean_post_title_bg_image_position":"","ocean_post_title_bg_image_attachment":"","ocean_post_title_bg_image_repeat":"","ocean_post_title_bg_image_size":"","ocean_post_title_height":0,"ocean_post_title_bg_overlay":0.5,"ocean_post_title_bg_overlay_color":"","ocean_disable_breadcrumbs":"off","ocean_breadcrumbs_color":"","ocean_breadcrumbs_separator_color":"","ocean_breadcrumbs_links_color":"","ocean_breadcrumbs_links_hover_color":"","ocean_display_footer_widgets":"default","ocean_display_footer_bottom":"default","ocean_custom_footer_template":"","footnotes":""},"class_list":["post-463","page","type-page","status-publish","hentry","entry"],"_links":{"self":[{"href":"https:\/\/cherub-systems.de\/en\/wp-json\/wp\/v2\/pages\/463","targetHints":{"allow":["GET"]}}],"collection":[{"href":"https:\/\/cherub-systems.de\/en\/wp-json\/wp\/v2\/pages"}],"about":[{"href":"https:\/\/cherub-systems.de\/en\/wp-json\/wp\/v2\/types\/page"}],"author":[{"embeddable":true,"href":"https:\/\/cherub-systems.de\/en\/wp-json\/wp\/v2\/users\/1"}],"replies":[{"embeddable":true,"href":"https:\/\/cherub-systems.de\/en\/wp-json\/wp\/v2\/comments?post=463"}],"version-history":[{"count":50,"href":"https:\/\/cherub-systems.de\/en\/wp-json\/wp\/v2\/pages\/463\/revisions"}],"predecessor-version":[{"id":1481,"href":"https:\/\/cherub-systems.de\/en\/wp-json\/wp\/v2\/pages\/463\/revisions\/1481"}],"wp:attachment":[{"href":"https:\/\/cherub-systems.de\/en\/wp-json\/wp\/v2\/media?parent=463"}],"curies":[{"name":"wp","href":"https:\/\/api.w.org\/{rel}","templated":true}]}}